{"id":139,"date":"2018-12-07T13:11:31","date_gmt":"2018-12-07T13:11:31","guid":{"rendered":"https:\/\/xn--hillerdhudlge-egb8x.dk\/?page_id=139"},"modified":"2024-09-12T09:14:11","modified_gmt":"2024-09-12T09:14:11","slug":"behandlinger","status":"publish","type":"page","link":"https:\/\/xn--hillerdhudlge-egb8x.dk\/?page_id=139","title":{"rendered":"Behandlinger"},"content":{"rendered":"<p>[et_pb_section fb_built=&#8221;1&#8243; _builder_version=&#8221;4.16&#8243; global_colors_info=&#8221;{}&#8221;][et_pb_row _builder_version=&#8221;4.16&#8243; global_colors_info=&#8221;{}&#8221; column_structure=&#8221;1_3,2_3&#8243;][et_pb_column type=&#8221;1_3&#8243; _builder_version=&#8221;4.16&#8243; custom_padding=&#8221;|||&#8221; global_colors_info=&#8221;{}&#8221; custom_padding__hover=&#8221;|||&#8221;][et_pb_image src=&#8221;https:\/\/xn--hillerdhudlge-egb8x.dk\/wp-content\/uploads\/2018\/12\/A2A0310_1_low.jpg&#8221; align_tablet=&#8221;center&#8221; align_last_edited=&#8221;on|desktop&#8221; _builder_version=&#8221;4.16&#8243; animation_style=&#8221;slide&#8221; animation_direction=&#8221;left&#8221; animation_duration=&#8221;500ms&#8221; animation_intensity_slide=&#8221;10%&#8221; global_colors_info=&#8221;{}&#8221; align_phone=&#8221;center&#8221;][\/et_pb_image][\/et_pb_column][et_pb_column type=&#8221;2_3&#8243; _builder_version=&#8221;4.16&#8243; custom_padding=&#8221;|||&#8221; global_colors_info=&#8221;{}&#8221; custom_padding__hover=&#8221;|||&#8221;][et_pb_blurb title=&#8221;Behandlinger&#8221; image_icon_width=&#8221;none&#8221; _builder_version=&#8221;4.16&#8243; header_font_size=&#8221;30px&#8221; image_max_width=&#8221;none&#8221; global_colors_info=&#8221;{}&#8221;]<\/p>\n<p><span><\/span><\/p>\n<p>Akne<br \/>Bylder<br \/>Eksem<br \/>Fodvorter<br \/>Herpes<br \/>Hudinfektion<br \/>Hudkr\u00e6ft<br \/>H\u00e5rlidelser<br \/>Kl\u00f8e<br \/>K\u00f8nssygdomme<br \/>Moderm\u00e6rker<br \/>Neglesygdomme<br \/>N\u00e6ldefeber<br \/>Perioral dermatitis<br \/>Psoriasis<br \/>Rosacea<br \/>R\u00f8dme<br \/>Sk\u00e6leksem<br \/>Solskader<br \/>Sved<\/p>\n<p>[\/et_pb_blurb][\/et_pb_column][\/et_pb_row][\/et_pb_section]<\/p>\n","protected":false},"excerpt":{"rendered":"<p>AkneBylderEksemFodvorterHerpesHudinfektionHudkr\u00e6ftH\u00e5rlidelserKl\u00f8eK\u00f8nssygdommeModerm\u00e6rkerNeglesygdommeN\u00e6ldefeberPerioral dermatitisPsoriasisRosaceaR\u00f8dmeSk\u00e6leksemSolskaderSved<\/p>\n","protected":false},"author":2,"featured_media":0,"parent":0,"menu_order":0,"comment_status":"closed","ping_status":"closed","template":"","meta":{"_et_pb_use_builder":"on","_et_pb_old_content":"","_et_gb_content_width":"","footnotes":""},"_links":{"self":[{"href":"https:\/\/xn--hillerdhudlge-egb8x.dk\/index.php?rest_route=\/wp\/v2\/pages\/139"}],"collection":[{"href":"https:\/\/xn--hillerdhudlge-egb8x.dk\/index.php?rest_route=\/wp\/v2\/pages"}],"about":[{"href":"https:\/\/xn--hillerdhudlge-egb8x.dk\/index.php?rest_route=\/wp\/v2\/types\/page"}],"author":[{"embeddable":true,"href":"https:\/\/xn--hillerdhudlge-egb8x.dk\/index.php?rest_route=\/wp\/v2\/users\/2"}],"replies":[{"embeddable":true,"href":"https:\/\/xn--hillerdhudlge-egb8x.dk\/index.php?rest_route=%2Fwp%2Fv2%2Fcomments&post=139"}],"version-history":[{"count":5,"href":"https:\/\/xn--hillerdhudlge-egb8x.dk\/index.php?rest_route=\/wp\/v2\/pages\/139\/revisions"}],"predecessor-version":[{"id":668,"href":"https:\/\/xn--hillerdhudlge-egb8x.dk\/index.php?rest_route=\/wp\/v2\/pages\/139\/revisions\/668"}],"wp:attachment":[{"href":"https:\/\/xn--hillerdhudlge-egb8x.dk\/index.php?rest_route=%2Fwp%2Fv2%2Fmedia&parent=139"}],"curies":[{"name":"wp","href":"https:\/\/api.w.org\/{rel}","templated":true}]}}