{"id":461,"date":"2021-05-27T07:47:57","date_gmt":"2021-05-27T07:47:57","guid":{"rendered":"https:\/\/xn--hillerdhudlge-egb8x.dk\/?page_id=461"},"modified":"2021-05-27T19:02:52","modified_gmt":"2021-05-27T19:02:52","slug":"certificering","status":"publish","type":"page","link":"https:\/\/xn--hillerdhudlge-egb8x.dk\/?page_id=461","title":{"rendered":"Certificering"},"content":{"rendered":"<p>[et_pb_section fb_built=&#8221;1&#8243; admin_label=&#8221;section&#8221; _builder_version=&#8221;3.0.47&#8243;][et_pb_row admin_label=&#8221;row&#8221; _builder_version=&#8221;3.0.47&#8243; background_size=&#8221;initial&#8221; background_position=&#8221;top_left&#8221; background_repeat=&#8221;repeat&#8221;][et_pb_column type=&#8221;4_4&#8243; _builder_version=&#8221;3.0.47&#8243; parallax=&#8221;off&#8221; parallax_method=&#8221;on&#8221;][et_pb_text admin_label=&#8221;Text&#8221; _builder_version=&#8221;3.0.47&#8243; background_size=&#8221;initial&#8221; background_position=&#8221;top_left&#8221; background_repeat=&#8221;repeat&#8221;]<\/p>\n<h1>Certificering<\/h1>\n<p>Hiller&oslash;d Hudl&aelig;ge er&nbsp;akkrediteret under DDKM 15. maj 2021.<\/p>\n<p><img loading=\"lazy\" decoding=\"async\" class=\"size-medium wp-image-462 alignnone\" src=\"https:\/\/xn--hillerdhudlge-egb8x.dk\/wp-content\/uploads\/2021\/05\/DDKM_akkrediteret_logo_stort_logo-png-1-300x183.png\" alt=\"\" width=\"300\" height=\"183\" srcset=\"https:\/\/xn--hillerdhudlge-egb8x.dk\/wp-content\/uploads\/2021\/05\/DDKM_akkrediteret_logo_stort_logo-png-1-300x183.png 300w, https:\/\/xn--hillerdhudlge-egb8x.dk\/wp-content\/uploads\/2021\/05\/DDKM_akkrediteret_logo_stort_logo-png-1-768x469.png 768w, https:\/\/xn--hillerdhudlge-egb8x.dk\/wp-content\/uploads\/2021\/05\/DDKM_akkrediteret_logo_stort_logo-png-1.png 982w\" sizes=\"(max-width: 300px) 100vw, 300px\" \/><\/p>\n<h5>Om DDKM<\/h5>\n<p>Den Danske Kvalitetsmodel, DDKM, er en del af udm&oslash;ntningen af &#8220;<a href=\"http:\/\/www.ikas.dk\/FTP\/PDF\/D15-16151.pdf\" target=\"_blank\" rel=\"noopener noreferrer\">National Strategi for Kvalitetsudvikling i Sundhedsv&aelig;senet 2002-2006<\/a>&#8220;. DDKM blev formelt etableret i november 2004 gennem en samarbejdsaftale mellem Indenrigs- og Sundhedsministeriet, Amtsr&aring;dsforeningen og Hovedstadens Sygehusf&aelig;llesskab. DDKM er et nationalt system til kvalitetsudvikling p&aring; tv&aelig;rs af alle sektorer i sundhedsv&aelig;senet. Hensigten var, at DDKM skulle bidrage til at:<\/p>\n<ul class=\"list icons\">\n<li><i class=\"fa fa-circle\"><\/i>sikre l&oslash;bende udvikling af kvaliteten i alle offentligt finansierede sundhedsydelser<\/li>\n<li><i class=\"fa fa-circle\"><\/i>skabe bedre og mere sammenh&aelig;ngende patientforl&oslash;b<\/li>\n<li><i class=\"fa fa-circle\"><\/i>forebygge fejl og utilsigtede h&aelig;ndelser i sundhedsv&aelig;senet.<\/li>\n<\/ul>\n<p>Den Danske Kvalitetsmodel, DDKM, best&aring;r i praksis af en r&aelig;kke m&aring;ls&aelig;tninger for god kvalitet, som de enkelte behandlingssteder skal leve op til. M&aring;ls&aelig;tningerne kaldes akkrediteringsstandarder. I DDKM er der akkrediteringsstandarder, der beskriver organisatoriske forhold, der er vigtige for, at behandlingsstedet kan levere god kvalitet. Det kan fx v&aelig;re, hvordan man overv&aring;ger og udvikler kvaliteten af sine ydelser, og hvordan man sikrer, at arbejdet udf&oslash;res af kompetente medarbejdere. Andre akkrediteringsstandarder beskriver vigtige dele af et patientforl&oslash;b. Det kan fx v&aelig;re, hvordan man planl&aelig;gger et behandlingsforl&oslash;b og f&oslash;lger op p&aring; planen, hvordan man sikrer sig, at der er styr p&aring; pr&oslash;vesvar, s&aring; man kan efterlyse manglende svar, og reagerer prompte p&aring; svar, der kr&aelig;ver hurtig handling, eller hvordan man h&aring;ndterer medicin. Endelig er der akkrediteringsstandarder, der beskriver, hvordan man skal tilrettel&aelig;gge sin behandling ud fra den bedste faglige viden, og hvordan man f&oslash;lger op p&aring; dette. Det enkelte behandlingssted kan bruge standarderne som en sp&oslash;rgeguide, n&aring;r man vil unders&oslash;ge, om man kan leve op til m&aring;lene. Man kan p&aring; den m&aring;de komme omkring vigtige dele af sin virksomhed og finde eventuelle udfordringer. Standarderne vil ogs&aring; kunne vejlede om, hvordan udfordringerne kan m&oslash;des. Ved eksternt survey f&aring;r behandlingsstedet bes&oslash;g af kolleger, som er s&aelig;rligt uddannet til at unders&oslash;ge, hvordan stedet lever op til akkrediteringsstandarderne. Dette sker hvert tredje &aring;r. Efter surveyet tildeler et uafh&aelig;ngigt akkrediteringsn&aelig;vn en akkrediteringsstatus til behandlingsstedet. Status viser, i hvor h&oslash;j grad stedet lever op til de kvalitetsm&aring;l, som akkrediteringsstandarderne s&aelig;tter. L&aelig;s mere hos <a href=\"https:\/\/www.ikas.dk\/forside\/\">IKAS<\/a><\/p>\n<p>[\/et_pb_text][\/et_pb_column][\/et_pb_row][\/et_pb_section]<\/p>\n","protected":false},"excerpt":{"rendered":"<p>Certificering Hiller&oslash;d Hudl&aelig;ge er&nbsp;akkrediteret under DDKM 15. maj 2021. Om DDKM Den Danske Kvalitetsmodel, DDKM, er en del af udm&oslash;ntningen af &#8220;National Strategi for Kvalitetsudvikling i Sundhedsv&aelig;senet 2002-2006&#8221;. DDKM blev formelt etableret i november 2004 gennem en samarbejdsaftale mellem Indenrigs- og Sundhedsministeriet, Amtsr&aring;dsforeningen og Hovedstadens Sygehusf&aelig;llesskab. DDKM er et nationalt system til kvalitetsudvikling p&aring; tv&aelig;rs [&hellip;]<\/p>\n","protected":false},"author":3,"featured_media":0,"parent":0,"menu_order":0,"comment_status":"closed","ping_status":"closed","template":"","meta":{"_et_pb_use_builder":"on","_et_pb_old_content":"<h1>Certificering<\/h1>\r\nHiller\u00f8d Hudl\u00e6ge er\u00a0akkrediteret under DDKM XXX 2021.\r\n\r\n<img class=\"size-medium wp-image-462 alignnone\" src=\"https:\/\/xn--hillerdhudlge-egb8x.dk\/wp-content\/uploads\/2021\/05\/DDKM_akkrediteret_logo_stort_logo-png-1-300x183.png\" alt=\"\" width=\"300\" height=\"183\" \/>\r\n<h5>Om DDKM<\/h5>\r\nDen Danske Kvalitetsmodel, DDKM, er en del af udm\u00f8ntningen af \"<a href=\"http:\/\/www.ikas.dk\/FTP\/PDF\/D15-16151.pdf\" target=\"_blank\" rel=\"noopener\">National Strategi for Kvalitetsudvikling i Sundhedsv\u00e6senet 2002-2006<\/a>\". DDKM blev formelt etableret i november 2004 gennem en samarbejdsaftale mellem Indenrigs- og Sundhedsministeriet, Amtsr\u00e5dsforeningen og Hovedstadens Sygehusf\u00e6llesskab. DDKM er et nationalt system til kvalitetsudvikling p\u00e5 tv\u00e6rs af alle sektorer i sundhedsv\u00e6senet. Hensigten var, at DDKM skulle bidrage til at:\r\n<ul class=\"list icons\">\r\n \t<li><i class=\"fa fa-circle\"><\/i>sikre l\u00f8bende udvikling af kvaliteten i alle offentligt finansierede sundhedsydelser<\/li>\r\n \t<li><i class=\"fa fa-circle\"><\/i>skabe bedre og mere sammenh\u00e6ngende patientforl\u00f8b<\/li>\r\n \t<li><i class=\"fa fa-circle\"><\/i>forebygge fejl og utilsigtede h\u00e6ndelser i sundhedsv\u00e6senet.<\/li>\r\n<\/ul>\r\nDen Danske Kvalitetsmodel, DDKM, best\u00e5r i praksis af en r\u00e6kke m\u00e5ls\u00e6tninger for god kvalitet, som de enkelte behandlingssteder skal leve op til. M\u00e5ls\u00e6tningerne kaldes akkrediteringsstandarder. I DDKM er der akkrediteringsstandarder, der beskriver organisatoriske forhold, der er vigtige for, at behandlingsstedet kan levere god kvalitet. Det kan fx v\u00e6re, hvordan man overv\u00e5ger og udvikler kvaliteten af sine ydelser, og hvordan man sikrer, at arbejdet udf\u00f8res af kompetente medarbejdere. Andre akkrediteringsstandarder beskriver vigtige dele af et patientforl\u00f8b. Det kan fx v\u00e6re, hvordan man planl\u00e6gger et behandlingsforl\u00f8b og f\u00f8lger op p\u00e5 planen, hvordan man sikrer sig, at der er styr p\u00e5 pr\u00f8vesvar, s\u00e5 man kan efterlyse manglende svar, og reagerer prompte p\u00e5 svar, der kr\u00e6ver hurtig handling, eller hvordan man h\u00e5ndterer medicin. Endelig er der akkrediteringsstandarder, der beskriver, hvordan man skal tilrettel\u00e6gge sin behandling ud fra den bedste faglige viden, og hvordan man f\u00f8lger op p\u00e5 dette. Det enkelte behandlingssted kan bruge standarderne som en sp\u00f8rgeguide, n\u00e5r man vil unders\u00f8ge, om man kan leve op til m\u00e5lene. Man kan p\u00e5 den m\u00e5de komme omkring vigtige dele af sin virksomhed og finde eventuelle udfordringer. Standarderne vil ogs\u00e5 kunne vejlede om, hvordan udfordringerne kan m\u00f8des. Ved eksternt survey f\u00e5r behandlingsstedet bes\u00f8g af kolleger, som er s\u00e6rligt uddannet til at unders\u00f8ge, hvordan stedet lever op til akkrediteringsstandarderne. Dette sker hvert tredje \u00e5r. Efter surveyet tildeler et uafh\u00e6ngigt akkrediteringsn\u00e6vn en akkrediteringsstatus til behandlingsstedet. Status viser, i hvor h\u00f8j grad stedet lever op til de kvalitetsm\u00e5l, som akkrediteringsstandarderne s\u00e6tter. L\u00e6s mere hos <a href=\"https:\/\/www.ikas.dk\/forside\/\">IKAS<\/a>","_et_gb_content_width":"","footnotes":""},"_links":{"self":[{"href":"https:\/\/xn--hillerdhudlge-egb8x.dk\/index.php?rest_route=\/wp\/v2\/pages\/461"}],"collection":[{"href":"https:\/\/xn--hillerdhudlge-egb8x.dk\/index.php?rest_route=\/wp\/v2\/pages"}],"about":[{"href":"https:\/\/xn--hillerdhudlge-egb8x.dk\/index.php?rest_route=\/wp\/v2\/types\/page"}],"author":[{"embeddable":true,"href":"https:\/\/xn--hillerdhudlge-egb8x.dk\/index.php?rest_route=\/wp\/v2\/users\/3"}],"replies":[{"embeddable":true,"href":"https:\/\/xn--hillerdhudlge-egb8x.dk\/index.php?rest_route=%2Fwp%2Fv2%2Fcomments&post=461"}],"version-history":[{"count":7,"href":"https:\/\/xn--hillerdhudlge-egb8x.dk\/index.php?rest_route=\/wp\/v2\/pages\/461\/revisions"}],"predecessor-version":[{"id":496,"href":"https:\/\/xn--hillerdhudlge-egb8x.dk\/index.php?rest_route=\/wp\/v2\/pages\/461\/revisions\/496"}],"wp:attachment":[{"href":"https:\/\/xn--hillerdhudlge-egb8x.dk\/index.php?rest_route=%2Fwp%2Fv2%2Fmedia&parent=461"}],"curies":[{"name":"wp","href":"https:\/\/api.w.org\/{rel}","templated":true}]}}