{"id":87,"date":"2017-07-18T07:48:28","date_gmt":"2017-07-18T07:48:28","guid":{"rendered":"https:\/\/xn--hillerdhudlge-egb8x.dk\/?page_id=87"},"modified":"2026-03-23T07:45:59","modified_gmt":"2026-03-23T07:45:59","slug":"om-os","status":"publish","type":"page","link":"https:\/\/xn--hillerdhudlge-egb8x.dk\/?page_id=87","title":{"rendered":"Om os"},"content":{"rendered":"<p>[et_pb_section fb_built=&#8221;1&#8243; admin_label=&#8221;section&#8221; _builder_version=&#8221;4.16&#8243; global_colors_info=&#8221;{}&#8221;][et_pb_row _builder_version=&#8221;4.16&#8243; global_colors_info=&#8221;{}&#8221; column_structure=&#8221;1_3,2_3&#8243;][et_pb_column type=&#8221;1_3&#8243; _builder_version=&#8221;4.16&#8243; custom_padding=&#8221;|||&#8221; global_colors_info=&#8221;{}&#8221; custom_padding__hover=&#8221;|||&#8221;][\/et_pb_column][et_pb_column type=&#8221;2_3&#8243; _builder_version=&#8221;4.16&#8243; custom_padding=&#8221;|||&#8221; global_colors_info=&#8221;{}&#8221; custom_padding__hover=&#8221;|||&#8221;][et_pb_blurb title=&#8221;Patricia Danielsen, PhD&#8221; image_icon_width=&#8221;none&#8221; _builder_version=&#8221;4.16&#8243; header_font_size=&#8221;31px&#8221; image_max_width=&#8221;none&#8221; global_colors_info=&#8221;{}&#8221;]<\/p>\n<p><span><\/span><\/p>\n<p><span>Patricia Danielsen er specialist i hudsygdomme. Hun har taget sin uddannelse p\u00e5 K\u00f8benhavns Universitet, p\u00e5 Bispebjerg Hospital og Gentofte Hospital. Patricia Danielsen har ligeledes en PhD forskningsgrad bag sig og st\u00e5r bag flere videnskabelige artikler. Hun har erhvervet sig en bred erfaring og ekspertise fra Australien, Tyskland, Schweiz og Norge. <\/span><\/p>\n<p>[\/et_pb_blurb][\/et_pb_column][\/et_pb_row][\/et_pb_section]<\/p>\n","protected":false},"excerpt":{"rendered":"<p>Patricia Danielsen er specialist i hudsygdomme. Hun har taget sin uddannelse p\u00e5 K\u00f8benhavns Universitet, p\u00e5 Bispebjerg Hospital og Gentofte Hospital. Patricia Danielsen har ligeledes en PhD forskningsgrad bag sig og st\u00e5r bag flere videnskabelige artikler. Hun har erhvervet sig en bred erfaring og ekspertise fra Australien, Tyskland, Schweiz og Norge.<\/p>\n","protected":false},"author":1,"featured_media":0,"parent":0,"menu_order":0,"comment_status":"closed","ping_status":"closed","template":"","meta":{"_et_pb_use_builder":"on","_et_pb_old_content":"","_et_gb_content_width":"","footnotes":""},"_links":{"self":[{"href":"https:\/\/xn--hillerdhudlge-egb8x.dk\/index.php?rest_route=\/wp\/v2\/pages\/87"}],"collection":[{"href":"https:\/\/xn--hillerdhudlge-egb8x.dk\/index.php?rest_route=\/wp\/v2\/pages"}],"about":[{"href":"https:\/\/xn--hillerdhudlge-egb8x.dk\/index.php?rest_route=\/wp\/v2\/types\/page"}],"author":[{"embeddable":true,"href":"https:\/\/xn--hillerdhudlge-egb8x.dk\/index.php?rest_route=\/wp\/v2\/users\/1"}],"replies":[{"embeddable":true,"href":"https:\/\/xn--hillerdhudlge-egb8x.dk\/index.php?rest_route=%2Fwp%2Fv2%2Fcomments&post=87"}],"version-history":[{"count":6,"href":"https:\/\/xn--hillerdhudlge-egb8x.dk\/index.php?rest_route=\/wp\/v2\/pages\/87\/revisions"}],"predecessor-version":[{"id":710,"href":"https:\/\/xn--hillerdhudlge-egb8x.dk\/index.php?rest_route=\/wp\/v2\/pages\/87\/revisions\/710"}],"wp:attachment":[{"href":"https:\/\/xn--hillerdhudlge-egb8x.dk\/index.php?rest_route=%2Fwp%2Fv2%2Fmedia&parent=87"}],"curies":[{"name":"wp","href":"https:\/\/api.w.org\/{rel}","templated":true}]}}