{"id":99,"date":"2017-07-18T07:58:59","date_gmt":"2017-07-18T07:58:59","guid":{"rendered":"https:\/\/xn--hillerdhudlge-egb8x.dk\/?page_id=99"},"modified":"2024-09-19T11:25:39","modified_gmt":"2024-09-19T11:25:39","slug":"kontakt","status":"publish","type":"page","link":"https:\/\/xn--hillerdhudlge-egb8x.dk\/?page_id=99","title":{"rendered":"Kontakt"},"content":{"rendered":"<p>[et_pb_section fb_built=&#8221;1&#8243; _builder_version=&#8221;4.16&#8243; global_colors_info=&#8221;{}&#8221;][et_pb_row column_structure=&#8221;2_3,1_3&#8243; _builder_version=&#8221;4.16&#8243; background_size=&#8221;initial&#8221; background_position=&#8221;top_left&#8221; background_repeat=&#8221;repeat&#8221; global_colors_info=&#8221;{}&#8221;][et_pb_column type=&#8221;2_3&#8243; _builder_version=&#8221;4.16&#8243; custom_padding=&#8221;|||&#8221; global_colors_info=&#8221;{}&#8221; custom_padding__hover=&#8221;|||&#8221;][et_pb_blurb title=&#8221;Kontakt og tidsbestilling&#8221; image_icon_width=&#8221;none&#8221; _builder_version=&#8221;4.16&#8243; header_font=&#8221;||||&#8221; header_font_size=&#8221;26px&#8221; header_line_height=&#8221;1.4em&#8221; image_max_width=&#8221;none&#8221; global_colors_info=&#8221;{}&#8221;]<\/p>\n<h2><\/h2>\n<p><strong>Hiller\u00f8d Hudl\u00e6ge<\/strong><br \/>K\u00f8benhavnsvej 35<br \/>3400 Hiller\u00f8d<br \/><strong>Tlf: 48 26 19 93<\/strong><\/p>\n<p>Vi har parkering ved klinikken.<strong><\/strong><\/p>\n<h2><img loading=\"lazy\" decoding=\"async\" src=\"https:\/\/xn--hillerdhudlge-egb8x.dk\/wp-content\/uploads\/2019\/01\/jensjacob_miniature-150x150.jpg\" width=\"150\" height=\"150\" alt=\"Sygeplejerske Jens Jacob\" class=\"wp-image-288 size-thumbnail\" srcset=\"https:\/\/xn--hillerdhudlge-egb8x.dk\/wp-content\/uploads\/2019\/01\/jensjacob_miniature-150x150.jpg 150w, https:\/\/xn--hillerdhudlge-egb8x.dk\/wp-content\/uploads\/2019\/01\/jensjacob_miniature-300x300.jpg 300w, https:\/\/xn--hillerdhudlge-egb8x.dk\/wp-content\/uploads\/2019\/01\/jensjacob_miniature.jpg 600w\" sizes=\"(max-width: 150px) 100vw, 150px\" \/><\/h2>\n<p>\u00a0Telefontid tidsbestilling:<\/p>\n<table style=\"width: 295px;\">\n<tbody>\n<tr>\n<td style=\"width: 108.890625px;\">Mandag<\/td>\n<td style=\"width: 198.109375px;\">9.30 &#8211; 11.30<\/td>\n<\/tr>\n<tr>\n<td style=\"width: 108.890625px;\">Tirsdag<\/td>\n<td style=\"width: 198.109375px;\">9.30 &#8211; 11.30<\/td>\n<\/tr>\n<tr>\n<td style=\"width: 108.890625px;\">Onsdag<\/td>\n<td style=\"width: 198.109375px;\">9.30 &#8211; 11.30<\/td>\n<\/tr>\n<tr>\n<td style=\"width: 108.890625px;\">Torsdag<\/td>\n<td style=\"width: 198.109375px;\">9.30 &#8211; 11.30<\/td>\n<\/tr>\n<tr>\n<td style=\"width: 108.890625px;\">Fredag<\/td>\n<td style=\"width: 198.109375px;\">9.30 &#8211; 11.30<\/td>\n<\/tr>\n<\/tbody>\n<\/table>\n<p>Der kan altid l\u00e6gges afbud p\u00e5 telefonsvareren p\u00e5 48 26 19 93 &#8211; Tast 1 og indtal afbudsbesked.<\/p>\n<h4 class=\"et_pb_module_header et-fb-editable-element et-fb-editable-element__editing\" data-shortcode-id=\"0.0.0.0-1726744669181\" data-quickaccess-id=\"header\" contenteditable=\"true\">Ny patient<\/h4>\n<p>\u00a0<strong>Du skal have en henvisning fra din egen l\u00e6ge f\u00f8r du kan bestille tid. <\/strong><\/p>\n<p>Du kan bestille tid ved at ringe til klinikken eller via l\u00e6gevejen.dk.<\/p>\n<p>P\u00e5 L\u00e6gevejen skal du bestille din tid under \u201dtider\u201d. <strong>Bem\u00e6rk at ventetiden er 3 m\u00e5neder for nye patienter<\/strong>. Der kan ikke bestilles akutte tider &#8211; dette kan kun g\u00f8res via egen l\u00e6ge.<\/p>\n<p>Der kan IKKE bestilles tid ved fremm\u00f8de eller via email.<\/p>\n<h4 class=\"et_pb_module_header et-fb-editable-element et-fb-editable-element__editing\" data-shortcode-id=\"0.0.0.0-1726744669181\" data-quickaccess-id=\"header\" contenteditable=\"true\">L\u00e6gevejen<\/h4>\n<p>Vi er tilknyttet <a href=\"https:\/\/laegevejen.dk\/\" target=\"_blank\" rel=\"noopener noreferrer\">L\u00e6gevejen.dk<\/a><\/p>\n<p>Hvis du er i et forl\u00f8b hos os, kan du bede om at f\u00e5 din recept fornyet og stille sp\u00f8rgsm\u00e5l under \u201dbeskeder\u201d.<\/p>\n<p>Hvis du ikke har et forl\u00f8b p\u00e5 klinikken kan vi ikke besvare mail.<\/p>\n<p class=\"\">\n<p class=\"\">\n<p class=\"\"><a href=\"https:\/\/laegevejen.dk\/\" target=\"_blank\" rel=\"noopener noreferrer\"><img loading=\"lazy\" decoding=\"async\" src=\"https:\/\/xn--hillerdhudlge-egb8x.dk\/wp-content\/uploads\/2021\/11\/LaegevejenLogoPublic-300x65.png\" width=\"300\" height=\"65\" alt=\"\" class=\"wp-image-517 alignleft size-medium\" srcset=\"https:\/\/xn--hillerdhudlge-egb8x.dk\/wp-content\/uploads\/2021\/11\/LaegevejenLogoPublic-300x65.png 300w, https:\/\/xn--hillerdhudlge-egb8x.dk\/wp-content\/uploads\/2021\/11\/LaegevejenLogoPublic.png 338w\" sizes=\"(max-width: 300px) 100vw, 300px\" \/><\/a><\/p>\n<p class=\"\">\n<p class=\"\">\n<p class=\"\">\n<p class=\"\">\n<p class=\"\">\n<p class=\"\">\n<h2>Afbud<\/h2>\n<p>Der kan altid l\u00e6gges afbud p\u00e5 telefonsvareren p\u00e5 48 26 19 93 &#8211; Tast 1 og indtal afbudsbesked.<\/p>\n<p><strong>Gebyr ved udeblivelse uden afbud:<\/strong><\/p>\n<p>S\u00e5fremt en patient uden rimelig grund undlader at melde afbud fra en aftalt tid senest dagen f\u00f8r, er patienten pligtig at betale speciall\u00e6gen et gebyr pr. udeblivelse. Gebyret er 250 kr. for udeblivelse fra en konsultation og 500 kr\u00a0for udeblivelse fra en operation eller lignende.<\/p>\n<p><u>Gebyret tilsendes via mit.dk<\/u><\/p>\n<p>Udeblivelsesgebyret er i overensstemmelse med aftalen mellem Danske Regioner og Foreningen af Praktiserende Speciall\u00e6ger<\/p>\n<p>Ved udeblivelse (uden afbestilling) vil dit forl\u00f8b blive afsluttet.<\/p>\n<p class=\"\">\n<p class=\"\">\n<p>[\/et_pb_blurb][\/et_pb_column][et_pb_column type=&#8221;1_3&#8243; _builder_version=&#8221;4.16&#8243; custom_padding=&#8221;|||&#8221; global_colors_info=&#8221;{}&#8221; custom_padding__hover=&#8221;|||&#8221;][et_pb_text admin_label=&#8221;Text&#8221; _builder_version=&#8221;4.16&#8243; header_font=&#8221;|on|||&#8221; background_size=&#8221;initial&#8221; background_position=&#8221;top_left&#8221; background_repeat=&#8221;repeat&#8221; global_colors_info=&#8221;{}&#8221;]<\/p>\n<h2>Find vej<\/h2>\n<p class=\"\">\n<p><iframe loading=\"lazy\" src=\"https:\/\/www.google.com\/maps\/embed?pb=!1m18!1m12!1m3!1d2235.0742784040044!2d12.311888741268616!3d55.93075023131899!2m3!1f0!2f0!3f0!3m2!1i1024!2i768!4f13.1!3m3!1m2!1s0x4652418ef93ebadd%3A0x4498eea1d126b368!2zSGlsbGVyw7hkIEh1ZGzDpmdl!5e0!3m2!1sda!2sdk!4v1546587209601\" width=\"295\" height=\"450\" frameborder=\"0\" style=\"border: 0;\" allowfullscreen=\"\"><\/iframe><\/p>\n<p>[\/et_pb_text][\/et_pb_column][\/et_pb_row][\/et_pb_section]<\/p>\n","protected":false},"excerpt":{"rendered":"<p>Hiller\u00f8d Hudl\u00e6geK\u00f8benhavnsvej 353400 Hiller\u00f8dTlf: 48 26 19 93 Vi har parkering ved klinikken. \u00a0Telefontid tidsbestilling: Mandag 9.30 &#8211; 11.30 Tirsdag 9.30 &#8211; 11.30 Onsdag 9.30 &#8211; 11.30 Torsdag 9.30 &#8211; 11.30 Fredag 9.30 &#8211; 11.30 Der kan altid l\u00e6gges afbud p\u00e5 telefonsvareren p\u00e5 48 26 19 93 &#8211; Tast 1 og indtal afbudsbesked. Ny patient [&hellip;]<\/p>\n","protected":false},"author":1,"featured_media":0,"parent":0,"menu_order":0,"comment_status":"closed","ping_status":"closed","template":"","meta":{"_et_pb_use_builder":"on","_et_pb_old_content":"","_et_gb_content_width":"","footnotes":""},"_links":{"self":[{"href":"https:\/\/xn--hillerdhudlge-egb8x.dk\/index.php?rest_route=\/wp\/v2\/pages\/99"}],"collection":[{"href":"https:\/\/xn--hillerdhudlge-egb8x.dk\/index.php?rest_route=\/wp\/v2\/pages"}],"about":[{"href":"https:\/\/xn--hillerdhudlge-egb8x.dk\/index.php?rest_route=\/wp\/v2\/types\/page"}],"author":[{"embeddable":true,"href":"https:\/\/xn--hillerdhudlge-egb8x.dk\/index.php?rest_route=\/wp\/v2\/users\/1"}],"replies":[{"embeddable":true,"href":"https:\/\/xn--hillerdhudlge-egb8x.dk\/index.php?rest_route=%2Fwp%2Fv2%2Fcomments&post=99"}],"version-history":[{"count":23,"href":"https:\/\/xn--hillerdhudlge-egb8x.dk\/index.php?rest_route=\/wp\/v2\/pages\/99\/revisions"}],"predecessor-version":[{"id":680,"href":"https:\/\/xn--hillerdhudlge-egb8x.dk\/index.php?rest_route=\/wp\/v2\/pages\/99\/revisions\/680"}],"wp:attachment":[{"href":"https:\/\/xn--hillerdhudlge-egb8x.dk\/index.php?rest_route=%2Fwp%2Fv2%2Fmedia&parent=99"}],"curies":[{"name":"wp","href":"https:\/\/api.w.org\/{rel}","templated":true}]}}